{"id":4986,"date":"2019-08-12T12:40:15","date_gmt":"2019-08-12T12:40:15","guid":{"rendered":"https:\/\/ibid.modeltheme.com\/?page_id=4986"},"modified":"2022-12-08T23:13:26","modified_gmt":"2022-12-08T22:13:26","slug":"domov-2","status":"publish","type":"page","link":"https:\/\/www.predajumenia.sk\/en\/","title":{"rendered":"O PredajUmenia.sk"},"content":{"rendered":"<div data-vc-full-width=\"true\" data-vc-full-width-init=\"false\" class=\"vc_row wpb_row vc_row-fluid vc_custom_1667672419982 vc_row-has-fill\"><div class=\"wpb_column vc_column_container vc_col-sm-12 vc_col-has-fill\"><div class=\"vc_column-inner vc_custom_1667672602906\"><div class=\"wpb_wrapper\">\n\t<div class=\"wpb_text_column wpb_content_element  vc_custom_1667672831858\" >\n\t\t<div class=\"wpb_wrapper\">\n\t\t\t<h1 style=\"font-size: 34px; line-height: 41px; color: #484848; text-align: left;\"><strong>O PredajUmenia.sk<br \/>\n<\/strong><\/h1>\n\n\t\t<\/div>\n\t<\/div>\n<div class=\"vc_empty_space\"   style=\"height: 25px\"><span class=\"vc_empty_space_inner\"><\/span><\/div>\n\t<div class=\"wpb_text_column wpb_content_element  wpb_animate_when_almost_visible wpb_fadeIn fadeIn vc_custom_1670537597238\" >\n\t\t<div class=\"wpb_wrapper\">\n\t\t\t<p class=\"western\" style=\"text-align: left;\" align=\"left\"><span style=\"font-size: large;\">Port\u00e1l PredajUmenia.sk sa zameriava na predaj umeleck\u00fdch diel , predaj obrazov , aukcie v\u00fdtvarn\u00e9ho umenia. N\u00e1jdete u n\u00e1s obrazy umelcov ako Martin Benka, Dominik Skuteck\u00fd,\u00a0 Mikul\u00e1\u0161 Galanda, Vladim\u00edr Havrila, Ladislav Med\u0148ansk\u00fd a mnoho in\u00fdch. K dispoz\u00edcii je V\u00e1m st\u00e1ly predaj umeleck\u00fdch diel, ktor\u00fdch ponuku priebe\u017ene obmie\u0148ame. Predaj umenia zabezpe\u010dujeme aj ako pravideln\u00e9 aukcie umeleck\u00fdch diel, hlavne obrazov a plast\u00edk slovensk\u00fdch autorov. <\/span><\/p>\n<h3 class=\"western\" style=\"text-align: left;\" align=\"left\"><span style=\"font-size: large;\">\u0160pecializujeme sa predov\u0161etk\u00fdm na <a href=\"https:\/\/www.predajumenia.sk\/en\/product-category\/obrazy\/\">predaj obrazov<\/a> slovensk\u00fdch umelcov. <\/span><\/h3>\n<p class=\"western\" style=\"text-align: left;\" align=\"left\"><span style=\"font-size: large;\">V\u0161etky pred\u00e1van\u00e9 obrazy ako aj plastiky\u00a0 si m\u00f4\u017eete osobne prezrie\u0165 po predch\u00e1dzaj\u00facej dohode v na\u0161ich v\u00fdstavn\u00fdch priestoroch v Bratislave.<\/span><\/p>\n<h3 class=\"western\" style=\"text-align: left;\" align=\"left\"><span style=\"font-size: large;\">Kompletn\u00fa ponuku umeleck\u00fdch diel n\u00e1jdete v menu <\/span><a href=\"https:\/\/www.predajumenia.sk\/en\/obchod\/\"><span style=\"font-size: large;\"><u>Predaj umeleck\u00fdch diel<\/u><\/span><\/a><span style=\"font-size: large;\">. <\/span><\/h3>\n<p class=\"western\" style=\"text-align: left;\" align=\"left\"><span style=\"font-size: large;\">V\u0161etky umeleck\u00e9 diela, obrazy aj plastiky, s\u00fa pre V\u00e1s okam\u017eite k dispoz\u00edcii.<\/span><\/p>\n<h3 class=\"western\" style=\"text-align: left;\" align=\"left\"><span style=\"font-size: large;\">Pr\u00e1ve prebiehaj\u00face aukcie n\u00e1jdete v menu <\/span><a href=\"https:\/\/www.predajumenia.sk\/en\/aukcie_\/\"><span style=\"font-size: large;\"><u>Aukcie<\/u><\/span><\/a><span style=\"font-size: large;\"> kde si m\u00f4\u017eete vydra\u017ei\u0165 pr\u00e1ve TO umeleck\u00e9 dielo za Vami navrhnut\u00fa cenu. N\u00e1jdete tu aj preh\u013ead minul\u00fdch a kon\u010diacich aukci\u00ed. Predaj umenia v aukci\u00e1ch sa riadi dra\u017eobn\u00fdm poriadkom.<br \/>\n<\/span><\/h3>\n<p style=\"text-align: left;\" align=\"left\"><span style=\"font-size: large;\"><br \/>\nNechajte sa o\u010dari\u0165 a unies\u0165 najlep\u0161\u00edmi slovensk\u00fdmi umeleck\u00fdmi dielami, vydra\u017ete si pr\u00e1ve ten svoj obraz a <b>investujte v s\u00falade s jedn\u00fdm z najviac rast\u00facich investi\u010dn\u00fdch trendov s\u00fa\u010dasnosti<\/b>. Invest\u00edcia do umenia zaru\u010duje uchovanie hodnoty nez\u00e1visle od v\u00fdvoja cien akci\u00ed a ekonomiky a zauj\u00edmav\u00e9 v\u00fdnosy zvy\u0161uj\u00face sa \u010dasom.<br \/>\n<\/span><\/p>\n<h3 style=\"text-align: left;\" align=\"left\"><strong><span style=\"font-size: large;\"><span style=\"color: #993300;\">Pre\u010do pr\u00e1ve PredajUmenia.sk?<\/span> <\/span><\/strong><\/h3>\n<p style=\"text-align: left;\" align=\"left\"><span style=\"font-size: large;\"><img loading=\"lazy\" decoding=\"async\" class=\"alignleft wp-image-6682\" style=\"text-align: center;\" src=\"https:\/\/www.predajumenia.sk\/wp-content\/uploads\/2022\/11\/originIcon.png\" alt=\"Predaj umeleckych diel s posudkom \/Predaj obrazov - origin\u00e1lov\" width=\"78\" height=\"77\" align=\"left\" srcset=\"https:\/\/www.predajumenia.sk\/wp-content\/uploads\/2022\/11\/originIcon.png 265w, https:\/\/www.predajumenia.sk\/wp-content\/uploads\/2022\/11\/originIcon-150x150.png 150w, https:\/\/www.predajumenia.sk\/wp-content\/uploads\/2022\/11\/originIcon-12x12.png 12w, https:\/\/www.predajumenia.sk\/wp-content\/uploads\/2022\/11\/originIcon-110x110.png 110w, https:\/\/www.predajumenia.sk\/wp-content\/uploads\/2022\/11\/originIcon-70x70.png 70w, https:\/\/www.predajumenia.sk\/wp-content\/uploads\/2022\/11\/originIcon-200x200.png 200w\" sizes=\"auto, (max-width: 78px) 100vw, 78px\" \/><\/span><\/p>\n<p style=\"text-align: left;\" align=\"left\"><span style=\"font-size: large;\"><span style=\"font-size: large;\"><br \/>\nAko jeden z m\u00e1la predajcov pon\u00fakame znaleck\u00e9 posudky k v\u00e4\u010d\u0161ine pon\u00fakan\u00fdch diel, preto mate istotu, \u017ee na\u0161e obrazy maj\u00fa jasn\u00fd p\u00f4vod a kupujete origin\u00e1l umeleck\u00e9ho diela s jasn\u00fdm p\u00f4vodom. Znaleck\u00e9 posudky s\u00fa vydan\u00e9 popredn\u00fdmi slovensk\u00fdmi znalcami.<br \/>\n<\/span><\/span><\/p>\n<p style=\"text-align: left;\"><span style=\"font-size: large;\"><img loading=\"lazy\" decoding=\"async\" class=\"alignleft wp-image-6683\" src=\"https:\/\/www.predajumenia.sk\/wp-content\/uploads\/2022\/11\/mentIcon-256x300.png\" alt=\"Predaj umenia pomaha\" width=\"74\" height=\"87\" srcset=\"https:\/\/www.predajumenia.sk\/wp-content\/uploads\/2022\/11\/mentIcon-256x300.png 256w, https:\/\/www.predajumenia.sk\/wp-content\/uploads\/2022\/11\/mentIcon-10x12.png 10w, https:\/\/www.predajumenia.sk\/wp-content\/uploads\/2022\/11\/mentIcon.png 338w\" sizes=\"auto, (max-width: 74px) 100vw, 74px\" \/><br \/>\nK\u00fapou nami pred\u00e1van\u00fdch umeleck\u00fdch diel podporujete osoby s ment\u00e1lnym znev\u00fdhodnen\u00edm!<br \/>\n\u010eAKUJEME!<br \/>\n<\/span><\/p>\n\n\t\t<\/div>\n\t<\/div>\n<div class=\"vc_empty_space\"   style=\"height: 25px\"><span class=\"vc_empty_space_inner\"><\/span><\/div><\/div><\/div><\/div><\/div><div class=\"vc_row-full-width vc_clearfix\"><\/div>","protected":false},"excerpt":{"rendered":"O PredajUmenia.sk Port\u00e1l PredajUmenia.sk sa zameriava na predaj umeleck\u00fdch diel , predaj obrazov , aukcie v\u00fdtvarn\u00e9ho umenia. N\u00e1jdete u n\u00e1s obrazy umelcov ako Martin Benka, Dominik Skuteck\u00fd,\u00a0 Mikul\u00e1\u0161 Galanda, Vladim\u00edr Havrila, Ladislav Med\u0148ansk\u00fd a mnoho in\u00fdch. K dispoz\u00edcii je V\u00e1m st\u00e1ly predaj umeleck\u00fdch diel, ktor\u00fdch ponuku priebe\u017ene obmie\u0148ame. Predaj umenia zabezpe\u010dujeme aj ako pravideln\u00e9 aukcie [...]","protected":false},"author":1,"featured_media":0,"parent":0,"menu_order":0,"comment_status":"closed","ping_status":"closed","template":"","meta":{"om_disable_all_campaigns":false,"_monsterinsights_skip_tracking":false,"_monsterinsights_sitenote_active":false,"_monsterinsights_sitenote_note":"","_monsterinsights_sitenote_category":0,"footnotes":""},"class_list":["post-4986","page","type-page","status-publish","hentry"],"aioseo_notices":[],"_links":{"self":[{"href":"https:\/\/www.predajumenia.sk\/en\/wp-json\/wp\/v2\/pages\/4986","targetHints":{"allow":["GET"]}}],"collection":[{"href":"https:\/\/www.predajumenia.sk\/en\/wp-json\/wp\/v2\/pages"}],"about":[{"href":"https:\/\/www.predajumenia.sk\/en\/wp-json\/wp\/v2\/types\/page"}],"author":[{"embeddable":true,"href":"https:\/\/www.predajumenia.sk\/en\/wp-json\/wp\/v2\/users\/1"}],"replies":[{"embeddable":true,"href":"https:\/\/www.predajumenia.sk\/en\/wp-json\/wp\/v2\/comments?post=4986"}],"version-history":[{"count":91,"href":"https:\/\/www.predajumenia.sk\/en\/wp-json\/wp\/v2\/pages\/4986\/revisions"}],"predecessor-version":[{"id":6638,"href":"https:\/\/www.predajumenia.sk\/en\/wp-json\/wp\/v2\/pages\/4986\/revisions\/6638"}],"wp:attachment":[{"href":"https:\/\/www.predajumenia.sk\/en\/wp-json\/wp\/v2\/media?parent=4986"}],"curies":[{"name":"wp","href":"https:\/\/api.w.org\/{rel}","templated":true}]}}