{"id":5329,"date":"2019-09-10T09:22:02","date_gmt":"2019-09-10T09:22:02","guid":{"rendered":"https:\/\/ibid.modeltheme.com\/?page_id=5329"},"modified":"2019-09-10T09:22:02","modified_gmt":"2019-09-10T09:22:02","slug":"blog-boxed-layout","status":"publish","type":"page","link":"https:\/\/www.predajumenia.sk\/en\/blog\/blog-boxed-layout\/","title":{"rendered":"Blog Boxed Layout"},"content":{"rendered":"<div class=\"vc_row wpb_row vc_row-fluid\"><div class=\"boxed-blog wpb_column vc_column_container vc_col-sm-12\"><div class=\"vc_column-inner\"><div class=\"wpb_wrapper\"><div class=\"lvca-portfolio-wrap lvca-gapless-grid\"><div id=\"lvca-portfolio-69f92fb6279fe\"\n                     class=\"lvca-portfolio js-isotope lvca-masonry lvca-grid-container  lvca-grid-desktop-3 lvca-grid-tablet-2 lvca-grid-mobile-1\"\n                     data-gutter=\"20\"\n                     data-tablet_gutter=\"10\"\n                     data-tablet_width=\"800\"\n                     data-mobile_gutter=\"10\"\n                     data-mobile_width=\"480\"\n                     data-isotope-options='{ \"itemSelector\": \".lvca-portfolio-item\", \"layoutMode\": \"masonry\" }'><div data-id=\"id-5608\" class=\"lvca-grid-item lvca-portfolio-item  term-17\"><article id=\"post-5608\" class=\"post-5608 post type-post status-publish format-standard has-post-thumbnail hentry category-smart\"><div class=\"lvca-project-image\"><img loading=\"lazy\" decoding=\"async\" width=\"1100\" height=\"600\" src=\"https:\/\/www.predajumenia.sk\/wp-content\/uploads\/2019\/09\/blogpost6-1-1100x600.jpg\" class=\"attachment-ibid_posts_1100x600 size-ibid_posts_1100x600 wp-post-image\" alt=\"\" \/><\/div><div class=\"lvca-entry-text-wrap\"><h3 class=\"entry-title\"><a href=\"https:\/\/www.predajumenia.sk\/en\/a-smartphone-keeps-your-friend-away\/\" title=\"A Phone Keeps Your Friends Away\" \" rel=\"bookmark\">A Phone Keeps Your Friends Away<\/a><\/h3><div class=\"lvca-entry-meta\"><span class=\"author vcard\">By <a class=\"url fn n\" href=\"https:\/\/www.predajumenia.sk\/en\/author\/a2com\/\" title=\"a2com\">a2com<\/a><\/span><span class=\"lvca-terms\"><a href=\"https:\/\/www.predajumenia.sk\/en\/category\/smart\/\">Smart<\/a><\/span><\/div><div class=\"entry-summary\">Bring to the table win-win survival strategies to ensure proactive domination. At the end of the day, going forward, a new normal that has evolved from generation X is on the runway heading towards a streamlined cloud solution.<\/div><\/div><\/article><!-- .hentry --><\/div><div data-id=\"id-1\" class=\"lvca-grid-item lvca-portfolio-item  term-1\"><article id=\"post-1\" class=\"post-1 post type-post status-publish format-standard hentry category-nezaradene\"><div class=\"lvca-entry-text-wrap  nothumbnail\"><h3 class=\"entry-title\"><a href=\"https:\/\/www.predajumenia.sk\/en\/ahoj-svet\/\" title=\"Ahoj svet!\" \" rel=\"bookmark\">Ahoj svet!<\/a><\/h3><div class=\"lvca-entry-meta\"><span class=\"author vcard\">By <a class=\"url fn n\" href=\"https:\/\/www.predajumenia.sk\/en\/author\/a2com\/\" title=\"a2com\">a2com<\/a><\/span><span class=\"lvca-terms\"><a href=\"https:\/\/www.predajumenia.sk\/en\/category\/nezaradene\/\">Nezaraden\u00e9<\/a><\/span><\/div><div class=\"entry-summary\">Vitajte vo WordPress. Toto je v\u00e1\u0161 prv\u00fd \u010dl\u00e1nok. Upravte ho alebo zma\u017ete a za\u010dnite p\u00edsa\u0165!<\/div><\/div><\/article><!-- .hentry --><\/div><div data-id=\"id-4386\" class=\"lvca-grid-item lvca-portfolio-item  term-17\"><article id=\"post-4386\" class=\"post-4386 post type-post status-publish format-standard has-post-thumbnail hentry category-smart\"><div class=\"lvca-project-image\"><img loading=\"lazy\" decoding=\"async\" width=\"1100\" height=\"600\" src=\"https:\/\/www.predajumenia.sk\/wp-content\/uploads\/2017\/06\/blog-post3-1-1-1100x600.jpg\" class=\"attachment-ibid_posts_1100x600 size-ibid_posts_1100x600 wp-post-image\" alt=\"\" \/><\/div><div class=\"lvca-entry-text-wrap\"><h3 class=\"entry-title\"><a href=\"https:\/\/www.predajumenia.sk\/en\/acer-chromebook-tab-10-review\/\" title=\"Chromebook Tab 10 review\" \" rel=\"bookmark\">Chromebook Tab 10 review<\/a><\/h3><div class=\"lvca-entry-meta\"><span class=\"author vcard\">By <a class=\"url fn n\" href=\"https:\/\/www.predajumenia.sk\/en\/author\/a2com\/\" title=\"a2com\">a2com<\/a><\/span><span class=\"lvca-terms\"><a href=\"https:\/\/www.predajumenia.sk\/en\/category\/smart\/\">Smart<\/a><\/span><\/div><div class=\"entry-summary\">Bring to the table win-win survival strategies to ensure proactive domination. At the end of the day, going forward, a new normal that has evolved from generation X is on the runway heading towards a streamlined cloud solution.<\/div><\/div><\/article><!-- .hentry --><\/div><div data-id=\"id-4291\" class=\"lvca-grid-item lvca-portfolio-item  term-18\"><article id=\"post-4291\" class=\"post-4291 post type-post status-publish format-standard has-post-thumbnail hentry category-technology\"><div class=\"lvca-project-image\"><img loading=\"lazy\" decoding=\"async\" width=\"1100\" height=\"600\" src=\"https:\/\/www.predajumenia.sk\/wp-content\/uploads\/2017\/05\/blog-post5-1-1-1100x600.jpg\" class=\"attachment-ibid_posts_1100x600 size-ibid_posts_1100x600 wp-post-image\" alt=\"\" \/><\/div><div class=\"lvca-entry-text-wrap\"><h3 class=\"entry-title\"><a href=\"https:\/\/www.predajumenia.sk\/en\/alexa-isnt-just-an-assistant\/\" title=\"Alexa isn\u2019t just an assistant\" \" rel=\"bookmark\">Alexa isn\u2019t just an assistant<\/a><\/h3><div class=\"lvca-entry-meta\"><span class=\"author vcard\">By <a class=\"url fn n\" href=\"https:\/\/www.predajumenia.sk\/en\/author\/a2com\/\" title=\"a2com\">a2com<\/a><\/span><span class=\"lvca-terms\"><a href=\"https:\/\/www.predajumenia.sk\/en\/category\/technology\/\">Technology<\/a><\/span><\/div><div class=\"entry-summary\">Bring to the table win-win survival strategies to ensure proactive domination. At the end of the day, going forward, a new normal that has evolved from generation X is on the runway heading towards a streamlined cloud solution.<\/div><\/div><\/article><!-- .hentry --><\/div><div data-id=\"id-4393\" class=\"lvca-grid-item lvca-portfolio-item  term-17\"><article id=\"post-4393\" class=\"post-4393 post type-post status-publish format-standard has-post-thumbnail hentry category-smart\"><div class=\"lvca-project-image\"><img loading=\"lazy\" decoding=\"async\" width=\"1100\" height=\"600\" src=\"https:\/\/www.predajumenia.sk\/wp-content\/uploads\/2017\/06\/blogpost1-1-1100x600.jpg\" class=\"attachment-ibid_posts_1100x600 size-ibid_posts_1100x600 wp-post-image\" alt=\"\" \/><\/div><div class=\"lvca-entry-text-wrap\"><h3 class=\"entry-title\"><a href=\"https:\/\/www.predajumenia.sk\/en\/vr-boxes-sales-for-black-friday\/\" title=\"VR Boxes Sales for Black Friday\" \" rel=\"bookmark\">VR Boxes Sales for Black Friday<\/a><\/h3><div class=\"lvca-entry-meta\"><span class=\"author vcard\">By <a class=\"url fn n\" href=\"https:\/\/www.predajumenia.sk\/en\/author\/a2com\/\" title=\"a2com\">a2com<\/a><\/span><span class=\"lvca-terms\"><a href=\"https:\/\/www.predajumenia.sk\/en\/category\/smart\/\">Smart<\/a><\/span><\/div><div class=\"entry-summary\">Bring to the table win-win survival strategies to ensure proactive domination. At the end of the day, going forward, a new normal that has evolved from generation X is on the runway heading towards a streamlined cloud solution.<\/div><\/div><\/article><!-- .hentry --><\/div><div data-id=\"id-4378\" class=\"lvca-grid-item lvca-portfolio-item  term-16\"><article id=\"post-4378\" class=\"post-4378 post type-post status-publish format-standard has-post-thumbnail hentry category-gadgets\"><div class=\"lvca-project-image\"><img loading=\"lazy\" decoding=\"async\" width=\"1100\" height=\"600\" src=\"https:\/\/www.predajumenia.sk\/wp-content\/uploads\/2016\/06\/blog-post6-1-1-1100x600.jpg\" class=\"attachment-ibid_posts_1100x600 size-ibid_posts_1100x600 wp-post-image\" alt=\"\" \/><\/div><div class=\"lvca-entry-text-wrap\"><h3 class=\"entry-title\"><a href=\"https:\/\/www.predajumenia.sk\/en\/ebay-is-now-selling-wireless-plans\/\" title=\"eBay is now selling wireless plans\" \" rel=\"bookmark\">eBay is now selling wireless plans<\/a><\/h3><div class=\"lvca-entry-meta\"><span class=\"author vcard\">By <a class=\"url fn n\" href=\"https:\/\/www.predajumenia.sk\/en\/author\/a2com\/\" title=\"a2com\">a2com<\/a><\/span><span class=\"lvca-terms\"><a href=\"https:\/\/www.predajumenia.sk\/en\/category\/gadgets\/\">Gadgets<\/a><\/span><\/div><div class=\"entry-summary\">Bring to the table win-win survival strategies to ensure proactive domination. At the end of the day, going forward, a new normal that has evolved from generation X is on the runway heading towards a streamlined cloud solution.<\/div><\/div><\/article><!-- .hentry --><\/div><\/div><!-- .lvca-portfolio --><\/div><!-- .lvca-portfolio-wrap --><\/div><\/div><\/div><\/div>","protected":false},"excerpt":{"rendered":"Bring to the table win-win survival strategies to ensure proactive domination. At the end of the day, going forward, a new normal that has evolved from generation X is on the runway heading towards a streamlined cloud solution. When a cat is frightened, its pupils grow bigger. This is to allow the cat to absorb [...]","protected":false},"author":1,"featured_media":0,"parent":225,"menu_order":0,"comment_status":"closed","ping_status":"closed","template":"","meta":{"om_disable_all_campaigns":false,"_monsterinsights_skip_tracking":false,"_monsterinsights_sitenote_active":false,"_monsterinsights_sitenote_note":"","_monsterinsights_sitenote_category":0,"footnotes":""},"class_list":["post-5329","page","type-page","status-publish","hentry"],"aioseo_notices":[],"_links":{"self":[{"href":"https:\/\/www.predajumenia.sk\/en\/wp-json\/wp\/v2\/pages\/5329","targetHints":{"allow":["GET"]}}],"collection":[{"href":"https:\/\/www.predajumenia.sk\/en\/wp-json\/wp\/v2\/pages"}],"about":[{"href":"https:\/\/www.predajumenia.sk\/en\/wp-json\/wp\/v2\/types\/page"}],"author":[{"embeddable":true,"href":"https:\/\/www.predajumenia.sk\/en\/wp-json\/wp\/v2\/users\/1"}],"replies":[{"embeddable":true,"href":"https:\/\/www.predajumenia.sk\/en\/wp-json\/wp\/v2\/comments?post=5329"}],"version-history":[{"count":0,"href":"https:\/\/www.predajumenia.sk\/en\/wp-json\/wp\/v2\/pages\/5329\/revisions"}],"up":[{"embeddable":true,"href":"https:\/\/www.predajumenia.sk\/en\/wp-json\/wp\/v2\/pages\/225"}],"wp:attachment":[{"href":"https:\/\/www.predajumenia.sk\/en\/wp-json\/wp\/v2\/media?parent=5329"}],"curies":[{"name":"wp","href":"https:\/\/api.w.org\/{rel}","templated":true}]}}