{"id":6604,"date":"2022-10-19T15:41:47","date_gmt":"2022-10-19T13:41:47","guid":{"rendered":"https:\/\/www.predajumenia.sk\/?page_id=6604"},"modified":"2022-10-19T23:15:12","modified_gmt":"2022-10-19T21:15:12","slug":"zasady-ochrany-osobnych-udajov","status":"publish","type":"page","link":"https:\/\/www.predajumenia.sk\/en\/zasady-ochrany-osobnych-udajov\/","title":{"rendered":"Z\u00e1sady ochrany osobn\u00fdch \u00fadajov"},"content":{"rendered":"<div class=\"vc_row wpb_row vc_row-fluid\"><div class=\"wpb_column vc_column_container vc_col-sm-12\"><div class=\"vc_column-inner\"><div class=\"wpb_wrapper\">\n\t<div class=\"wpb_text_column wpb_content_element\" >\n\t\t<div class=\"wpb_wrapper\">\n\t\t\t<header class=\"\">\n<h1 class=\"page-title\">Z\u00e1sady spracovania osobn\u00fdch \u00fadajov<\/h1>\n<p>&nbsp;<\/p>\n<\/header>\n<article class=\"\">\n<div class=\"blocksHolder\">\n<div class=\"blockItem blockText\">\n<p>Webov\u00e1 str\u00e1nka predajumenia.sk je on-line auk\u010dn\u00fd port\u00e1l s ponukou on-line dra\u017eieb a predaja v\u00fdtvarn\u00fdch diel a staro\u017eitnost\u00ed. Port\u00e1l pon\u00faka technick\u00e9 n\u00e1stroje a funkcie pre registr\u00e1ciu a dra\u017ebu diel a staro\u017eitnost\u00ed. Charakter jednotliv\u00fdch slu\u017eieb je preto z\u00e1visl\u00fd od pou\u017e\u00edvania n\u00e1v\u0161tevn\u00edkmi web str\u00e1nky, preto prev\u00e1dzkovate\u013e web str\u00e1nky prijal tak\u00e9 technick\u00e9, organiza\u010dn\u00e9 a bezpe\u010dnostn\u00e9 opatrenia aby zabezpe\u010dil kontinu\u00e1lnu a funk\u010dn\u00fa prev\u00e1dzku svojich slu\u017eieb, integritu d\u00e1t a chr\u00e1nil osobn\u00e9 \u00fadaje na web str\u00e1nke predajumenia.sk.<br \/>\nPrev\u00e1dzkovate\u013e port\u00e1lu spracov\u00e1va osobn\u00e9 \u00fadaje pod\u013ea Z\u00e1kona \u010d.18\/2018 Z.z. o ochrane osobn\u00fdch \u00fadajov a Nariadenia Eur\u00f3pskeho parlamentu a Rady E\u00da 2016\/679 z 27.4.2016 o ochrane fyzick\u00fdch os\u00f4b pri sprac\u00favan\u00ed osobn\u00fdch \u00fadajov a o vo\u013enom pohybe tak\u00fdchto \u00fadajov, ktor\u00fdm sa zru\u0161uje smernica 95\/46\/ES o ochrane osobn\u00fdch \u00fadajov.<\/p>\n<p><strong>Prev\u00e1dzkovate\u013e osobn\u00fdch \u00fadajov<\/strong><br \/>\nA2COM Slovakia, spol. s r.o., Pekn\u00e1 cesta 11, 831 52 Bratislava, I\u010cO: 36753297, zap\u00edsan\u00e1 v Obchodnom registri Okresn\u00e9ho s\u00fadu Bratislava I, oddiel: Sro, vlo\u017eka \u010d. 45098\/B.<br \/>\n(\u010falej len \u201eprev\u00e1dzkovate\u013e\u201c)<\/p>\n<p><strong>\u00da\u010del a pr\u00e1vny z\u00e1klad spracovania osobn\u00fdch \u00fadajov<br \/>\n<\/strong>Pr\u00e1vny z\u00e1klad pre spracovanie osobn\u00fdch \u00fadajov je s\u00fahlas dotknutej osoby.<br \/>\n\u00da\u010delom spracovania osobn\u00fdch \u00fadajov je poskytnutie on-line n\u00e1strojov na www.artisanart.sk pre on-line dra\u017ebu a k\u00fapu v\u00fdtvarn\u00fdch diel a staro\u017eitnost\u00ed.<\/p>\n<p><strong>Rozsah spracov\u00e1vania osobn\u00fdch \u00fadajov<br \/>\n<\/strong>Osobn\u00e9 \u00fadaje sa spracov\u00e1vaj\u00fa v rozsahu poskytnutom dotknut\u00fdmi osobami prostredn\u00edctvom registra\u010dn\u00fdch a kontaktn\u00fdch formul\u00e1rov, ktor\u00e9 dotknut\u00e9 osoby dobrovo\u013ene poskytli na zabezpe\u010denie \u00fa\u010delu ich zhroma\u017e\u010fovania minim\u00e1lne v rozsahu: meno a priezvisko, tituly, telef\u00f3n, e-mail a cel\u00e1 kontaktn\u00e1 adresa.<br \/>\n\u010ealej prev\u00e1dzkovate\u013e z webovej str\u00e1nky www.predajumenia.sk m\u00f4\u017ee zhroma\u017e\u010fova\u0165 IP adresu a \u00fakony vykonan\u00e9 na tomto port\u00e1li.<\/p>\n<p><strong>Doba uchov\u00e1vania osobn\u00fdch \u00fadajov<br \/>\n<\/strong>Prev\u00e1dzkovate\u013e uchov\u00e1va osobn\u00e9 \u00fadaje dotknutej osoby na dobu nevyhnutn\u00fa na splnenie \u00fa\u010delu, pre ktor\u00fd boli osobn\u00e9 \u00fadaje zhroma\u017eden\u00e9 a to je 5 rokov od posledn\u00e9ho prihl\u00e1senia registrovan\u00e9ho u\u017e\u00edvate\u013ea, n\u00e1sledne anonymizovan\u00e9 a \u010falej vyu\u017e\u00edvan\u00e9 na \u0161tatistick\u00e9 \u00fa\u010dely.<\/p>\n<p><strong><br \/>\nPr\u00e1va dotknutej osoby<br \/>\n<\/strong>Ako dotknut\u00e1 osoba, m\u00e1te nasledovn\u00e9 pr\u00e1va:<br \/>\n&#8211; Pr\u00e1vo po\u017eadova\u0165 od poskytovate\u013ea resp. sprostredkovate\u013eov pr\u00edstup ku svojim osobn\u00fdm \u00fadajom,<br \/>\n&#8211; Pr\u00e1vo na opravu osobn\u00fdch \u00fadajov,<br \/>\n&#8211; Pr\u00e1vo na vymazanie osobn\u00fdch \u00fadajov,<br \/>\n&#8211; Pr\u00e1vo na obmedzenie sprac\u00favania osobn\u00fdch \u00fadajov,<br \/>\n&#8211; Pr\u00e1vo namieta\u0165 proti sprac\u00favaniu osobn\u00fdch \u00fadajov,<br \/>\n&#8211; Pr\u00e1vo na odvolanie s\u00fahlasu,<br \/>\n&#8211; Pr\u00e1vo na podanie s\u0165a\u017enost\u00ed dozorn\u00e9mu org\u00e1nu, ktor\u00fdm je \u00darad na ochranu osobn\u00fdch \u00fadajov Slovenskej republiky<\/p>\n<p><strong>Pravidl\u00e1 pre pou\u017e\u00edvanie cookies<br \/>\n<\/strong>Str\u00e1nka www.predajumenia.sk pou\u017e\u00edva cookies, ktor\u00e9 pom\u00e1haj\u00fa zlep\u0161ova\u0165 slu\u017eby port\u00e1lu a ktor\u00e9 sa riadia samostatn\u00fdmi pravidlami pre pou\u017e\u00edvanie cookies, ktor\u00e9 s\u00fa neodelite\u013enou s\u00fa\u010das\u0165ou t\u00fdchto z\u00e1sad so spracovan\u00edm osobn\u00fdch \u00fadajov.<\/p>\n<p><strong>Zmena z\u00e1sad<br \/>\n<\/strong>Prev\u00e1dzkovate\u013e si vyhradzuje pr\u00e1vo kedyko\u013evek zmeni\u0165 tieto z\u00e1sady a ich nov\u00e9 znenie umiestni\u0165 na t\u00fato webov\u00fa adresu a informova\u0165 o tom prostredn\u00edctvom ozn\u00e1menia na str\u00e1nke www.predajumenia.sk.<\/p>\n<p>V Bratislave d\u0148a 19.10.2022<\/p>\n<\/div>\n<\/div>\n<\/article>\n\n\t\t<\/div>\n\t<\/div>\n<\/div><\/div><\/div><\/div>","protected":false},"excerpt":{"rendered":"Z\u00e1sady spracovania osobn\u00fdch \u00fadajov &nbsp; Webov\u00e1 str\u00e1nka predajumenia.sk je on-line auk\u010dn\u00fd port\u00e1l s ponukou on-line dra\u017eieb a predaja v\u00fdtvarn\u00fdch diel a staro\u017eitnost\u00ed. Port\u00e1l pon\u00faka technick\u00e9 n\u00e1stroje a funkcie pre registr\u00e1ciu a dra\u017ebu diel a staro\u017eitnost\u00ed. Charakter jednotliv\u00fdch slu\u017eieb je preto z\u00e1visl\u00fd od pou\u017e\u00edvania n\u00e1v\u0161tevn\u00edkmi web str\u00e1nky, preto prev\u00e1dzkovate\u013e web str\u00e1nky prijal tak\u00e9 technick\u00e9, organiza\u010dn\u00e9 a [...]","protected":false},"author":1,"featured_media":0,"parent":0,"menu_order":0,"comment_status":"closed","ping_status":"closed","template":"","meta":{"om_disable_all_campaigns":false,"_monsterinsights_skip_tracking":false,"_monsterinsights_sitenote_active":false,"_monsterinsights_sitenote_note":"","_monsterinsights_sitenote_category":0,"footnotes":""},"class_list":["post-6604","page","type-page","status-publish","hentry"],"aioseo_notices":[],"_links":{"self":[{"href":"https:\/\/www.predajumenia.sk\/en\/wp-json\/wp\/v2\/pages\/6604","targetHints":{"allow":["GET"]}}],"collection":[{"href":"https:\/\/www.predajumenia.sk\/en\/wp-json\/wp\/v2\/pages"}],"about":[{"href":"https:\/\/www.predajumenia.sk\/en\/wp-json\/wp\/v2\/types\/page"}],"author":[{"embeddable":true,"href":"https:\/\/www.predajumenia.sk\/en\/wp-json\/wp\/v2\/users\/1"}],"replies":[{"embeddable":true,"href":"https:\/\/www.predajumenia.sk\/en\/wp-json\/wp\/v2\/comments?post=6604"}],"version-history":[{"count":3,"href":"https:\/\/www.predajumenia.sk\/en\/wp-json\/wp\/v2\/pages\/6604\/revisions"}],"predecessor-version":[{"id":6620,"href":"https:\/\/www.predajumenia.sk\/en\/wp-json\/wp\/v2\/pages\/6604\/revisions\/6620"}],"wp:attachment":[{"href":"https:\/\/www.predajumenia.sk\/en\/wp-json\/wp\/v2\/media?parent=6604"}],"curies":[{"name":"wp","href":"https:\/\/api.w.org\/{rel}","templated":true}]}}