{"id":6611,"date":"2022-10-19T15:52:19","date_gmt":"2022-10-19T13:52:19","guid":{"rendered":"https:\/\/www.predajumenia.sk\/?page_id=6611"},"modified":"2022-10-19T17:25:20","modified_gmt":"2022-10-19T15:25:20","slug":"6611-2","status":"publish","type":"page","link":"https:\/\/www.predajumenia.sk\/en\/6611-2\/","title":{"rendered":"Obchodn\u00e9 podmienky predaja"},"content":{"rendered":"<div class=\"vc_row wpb_row vc_row-fluid\"><div class=\"wpb_column vc_column_container vc_col-sm-12\"><div class=\"vc_column-inner\"><div class=\"wpb_wrapper\">\n\t<div class=\"wpb_text_column wpb_content_element\" >\n\t\t<div class=\"wpb_wrapper\">\n\t\t\t<header class=\"\">\n<h1 class=\"page-title\">Obchodn\u00e9 podmienky predaja<\/h1>\n<\/header>\n<article class=\"\">\n<div class=\"blocksHolder\">\n<div class=\"blockItem blockText\">\n<h1>Predaj umeleck\u00fdch diel<\/h1>\n<p><strong>Predajn\u00e1 cena je z\u00e1rove\u0148 k\u00fapnou cenou bez \u010fal\u0161\u00edch poplatkov.<\/strong> \u00dahrada je mo\u017en\u00e1 prevodom na \u00fa\u010det PredajUmenia.sk, kartou, alebo v hotovosti (do 5 000 \u20ac). Vydra\u017eite\u013e dostane doklad o zaplaten\u00fd k\u00fapnej ceny diela. Predmet bude zabalen\u00fd. Jeho pr\u00edpadn\u00e9 zaslanie kuri\u00e9rskou slu\u017ebou je \u00a0na \u00fa\u010det vydra\u017eite\u013ea.<\/p>\n<\/div>\n<h2>Sprostredkovanie predaja v\u00fdtvarn\u00fdch diel na on-line aukci\u00e1ch<\/h2>\n<p>Auk\u010dn\u00e1 prov\u00edzia PredajUmenia.sk z kone\u010dnej ceny diela je <strong>10%. <\/strong>\u00dahrada je mo\u017en\u00e1 prevodom na \u00fa\u010det PredajUmenia.sk, kartou alebo v hotovosti (do 5 000 \u20ac). Vydra\u017eite\u013e dostane doklad o zaplaten\u00fd k\u00fapnej ceny diela. Predmet bude zabalen\u00fd. Jeho pr\u00edpadn\u00e9 zaslanie kuri\u00e9rskou slu\u017ebou je na \u00fa\u010det vydra\u017eite\u013ea.<\/p>\n<\/div>\n<\/article>\n\n\t\t<\/div>\n\t<\/div>\n<\/div><\/div><\/div><\/div>","protected":false},"excerpt":{"rendered":"Obchodn\u00e9 podmienky predaja Predaj umeleck\u00fdch diel Predajn\u00e1 cena je z\u00e1rove\u0148 k\u00fapnou cenou bez \u010fal\u0161\u00edch poplatkov. \u00dahrada je mo\u017en\u00e1 prevodom na \u00fa\u010det PredajUmenia.sk, kartou, alebo v hotovosti (do 5 000 \u20ac). Vydra\u017eite\u013e dostane doklad o zaplaten\u00fd k\u00fapnej ceny diela. Predmet bude zabalen\u00fd. Jeho pr\u00edpadn\u00e9 zaslanie kuri\u00e9rskou slu\u017ebou je \u00a0na \u00fa\u010det vydra\u017eite\u013ea. Sprostredkovanie predaja v\u00fdtvarn\u00fdch diel na [...]","protected":false},"author":1,"featured_media":0,"parent":0,"menu_order":0,"comment_status":"closed","ping_status":"closed","template":"","meta":{"om_disable_all_campaigns":false,"_monsterinsights_skip_tracking":false,"_monsterinsights_sitenote_active":false,"_monsterinsights_sitenote_note":"","_monsterinsights_sitenote_category":0,"footnotes":""},"class_list":["post-6611","page","type-page","status-publish","hentry"],"aioseo_notices":[],"_links":{"self":[{"href":"https:\/\/www.predajumenia.sk\/en\/wp-json\/wp\/v2\/pages\/6611","targetHints":{"allow":["GET"]}}],"collection":[{"href":"https:\/\/www.predajumenia.sk\/en\/wp-json\/wp\/v2\/pages"}],"about":[{"href":"https:\/\/www.predajumenia.sk\/en\/wp-json\/wp\/v2\/types\/page"}],"author":[{"embeddable":true,"href":"https:\/\/www.predajumenia.sk\/en\/wp-json\/wp\/v2\/users\/1"}],"replies":[{"embeddable":true,"href":"https:\/\/www.predajumenia.sk\/en\/wp-json\/wp\/v2\/comments?post=6611"}],"version-history":[{"count":4,"href":"https:\/\/www.predajumenia.sk\/en\/wp-json\/wp\/v2\/pages\/6611\/revisions"}],"predecessor-version":[{"id":6618,"href":"https:\/\/www.predajumenia.sk\/en\/wp-json\/wp\/v2\/pages\/6611\/revisions\/6618"}],"wp:attachment":[{"href":"https:\/\/www.predajumenia.sk\/en\/wp-json\/wp\/v2\/media?parent=6611"}],"curies":[{"name":"wp","href":"https:\/\/api.w.org\/{rel}","templated":true}]}}