{"id":6508,"date":"2022-09-30T10:24:08","date_gmt":"2022-09-30T08:24:08","guid":{"rendered":"https:\/\/www.predajumenia.sk\/?post_type=product&#038;p=6508"},"modified":"2023-03-05T14:43:11","modified_gmt":"2023-03-05T13:43:11","slug":"6508","status":"publish","type":"product","link":"https:\/\/www.predajumenia.sk\/en\/product\/6508\/","title":{"rendered":"Mari\u00e1n Kom\u00e1\u010dek"},"content":{"rendered":"","protected":false},"excerpt":{"rendered":"<p>Autor: Mari\u00e1n Kom\u00e1\u010dek<\/p>\n<p>Technika: Olej na pl\u00e1tne<\/p>\n<p>Signovan\u00e9: \u00c1no<\/p>\n<p>Rozmer v cm: 100 x 70<\/p>\n<p>Proveniencia: Z ateli\u00e9ru autora<\/p>","protected":false},"featured_media":6509,"template":"","meta":{"om_disable_all_campaigns":false,"_monsterinsights_skip_tracking":false,"_monsterinsights_sitenote_active":false,"_monsterinsights_sitenote_note":"","_monsterinsights_sitenote_category":0},"product_cat":[274],"product_tag":[287],"class_list":["post-6508","product","type-product","status-publish","has-post-thumbnail","hentry","product_cat-obrazy","product_tag-komacek"],"aioseo_notices":[],"_links":{"self":[{"href":"https:\/\/www.predajumenia.sk\/en\/wp-json\/wp\/v2\/product\/6508","targetHints":{"allow":["GET"]}}],"collection":[{"href":"https:\/\/www.predajumenia.sk\/en\/wp-json\/wp\/v2\/product"}],"about":[{"href":"https:\/\/www.predajumenia.sk\/en\/wp-json\/wp\/v2\/types\/product"}],"version-history":[{"count":0,"href":"https:\/\/www.predajumenia.sk\/en\/wp-json\/wp\/v2\/product\/6508\/revisions"}],"wp:featuredmedia":[{"embeddable":true,"href":"https:\/\/www.predajumenia.sk\/en\/wp-json\/wp\/v2\/media\/6509"}],"wp:attachment":[{"href":"https:\/\/www.predajumenia.sk\/en\/wp-json\/wp\/v2\/media?parent=6508"}],"wp:term":[{"taxonomy":"product_cat","embeddable":true,"href":"https:\/\/www.predajumenia.sk\/en\/wp-json\/wp\/v2\/product_cat?post=6508"},{"taxonomy":"product_tag","embeddable":true,"href":"https:\/\/www.predajumenia.sk\/en\/wp-json\/wp\/v2\/product_tag?post=6508"}],"curies":[{"name":"wp","href":"https:\/\/api.w.org\/{rel}","templated":true}]}}