{"id":6535,"date":"2022-10-17T19:59:32","date_gmt":"2022-10-17T17:59:32","guid":{"rendered":"https:\/\/www.predajumenia.sk\/produkt\/zima-na-dedine\/"},"modified":"2023-03-05T14:39:35","modified_gmt":"2023-03-05T13:39:35","slug":"zima-na-dedine","status":"publish","type":"product","link":"https:\/\/www.predajumenia.sk\/en\/product\/zima-na-dedine\/","title":{"rendered":"Franti\u0161ek Folt\u00fdn &#8211; Zima na dedine"},"content":{"rendered":"","protected":false},"excerpt":{"rendered":"<p>Autor: Franti\u0161ek Folt\u00fdn<br \/>\nTechnika: Olej na pl\u00e1tne<br \/>\nSignovane: \u00c1no, so znaleck\u00fdm posudkom<\/p>","protected":false},"featured_media":6534,"template":"","meta":{"om_disable_all_campaigns":false,"_monsterinsights_skip_tracking":false,"_monsterinsights_sitenote_active":false,"_monsterinsights_sitenote_note":"","_monsterinsights_sitenote_category":0},"product_cat":[274],"product_tag":[310],"class_list":["post-6535","product","type-product","status-publish","has-post-thumbnail","hentry","product_cat-obrazy","product_tag-foltyn"],"aioseo_notices":[],"_links":{"self":[{"href":"https:\/\/www.predajumenia.sk\/en\/wp-json\/wp\/v2\/product\/6535","targetHints":{"allow":["GET"]}}],"collection":[{"href":"https:\/\/www.predajumenia.sk\/en\/wp-json\/wp\/v2\/product"}],"about":[{"href":"https:\/\/www.predajumenia.sk\/en\/wp-json\/wp\/v2\/types\/product"}],"version-history":[{"count":0,"href":"https:\/\/www.predajumenia.sk\/en\/wp-json\/wp\/v2\/product\/6535\/revisions"}],"wp:featuredmedia":[{"embeddable":true,"href":"https:\/\/www.predajumenia.sk\/en\/wp-json\/wp\/v2\/media\/6534"}],"wp:attachment":[{"href":"https:\/\/www.predajumenia.sk\/en\/wp-json\/wp\/v2\/media?parent=6535"}],"wp:term":[{"taxonomy":"product_cat","embeddable":true,"href":"https:\/\/www.predajumenia.sk\/en\/wp-json\/wp\/v2\/product_cat?post=6535"},{"taxonomy":"product_tag","embeddable":true,"href":"https:\/\/www.predajumenia.sk\/en\/wp-json\/wp\/v2\/product_tag?post=6535"}],"curies":[{"name":"wp","href":"https:\/\/api.w.org\/{rel}","templated":true}]}}