{"id":6541,"date":"2022-10-17T20:09:06","date_gmt":"2022-10-17T18:09:06","guid":{"rendered":"https:\/\/www.predajumenia.sk\/produkt\/opusteny-strom\/"},"modified":"2023-03-05T14:38:21","modified_gmt":"2023-03-05T13:38:21","slug":"opusteny-strom","status":"publish","type":"product","link":"https:\/\/www.predajumenia.sk\/en\/product\/opusteny-strom\/","title":{"rendered":"Zolt\u00e1n Palugyay &#8211; Opusten\u00fd strom"},"content":{"rendered":"","protected":false},"excerpt":{"rendered":"<p>Autor: Zolt\u00e1n Palugyay<br \/>\nTechnika: Olej, kart\u00f3n<br \/>\nRozmer v cm: 35 x 53,5<br \/>\nSignovane: \u00c1no, so znaleck\u00fdm posudkom<\/p>","protected":false},"featured_media":6540,"template":"","meta":{"om_disable_all_campaigns":false,"_monsterinsights_skip_tracking":false,"_monsterinsights_sitenote_active":false,"_monsterinsights_sitenote_note":"","_monsterinsights_sitenote_category":0},"product_cat":[274],"product_tag":[308],"class_list":["post-6541","product","type-product","status-publish","has-post-thumbnail","hentry","product_cat-obrazy","product_tag-palugyay"],"aioseo_notices":[],"_links":{"self":[{"href":"https:\/\/www.predajumenia.sk\/en\/wp-json\/wp\/v2\/product\/6541","targetHints":{"allow":["GET"]}}],"collection":[{"href":"https:\/\/www.predajumenia.sk\/en\/wp-json\/wp\/v2\/product"}],"about":[{"href":"https:\/\/www.predajumenia.sk\/en\/wp-json\/wp\/v2\/types\/product"}],"version-history":[{"count":0,"href":"https:\/\/www.predajumenia.sk\/en\/wp-json\/wp\/v2\/product\/6541\/revisions"}],"wp:featuredmedia":[{"embeddable":true,"href":"https:\/\/www.predajumenia.sk\/en\/wp-json\/wp\/v2\/media\/6540"}],"wp:attachment":[{"href":"https:\/\/www.predajumenia.sk\/en\/wp-json\/wp\/v2\/media?parent=6541"}],"wp:term":[{"taxonomy":"product_cat","embeddable":true,"href":"https:\/\/www.predajumenia.sk\/en\/wp-json\/wp\/v2\/product_cat?post=6541"},{"taxonomy":"product_tag","embeddable":true,"href":"https:\/\/www.predajumenia.sk\/en\/wp-json\/wp\/v2\/product_tag?post=6541"}],"curies":[{"name":"wp","href":"https:\/\/api.w.org\/{rel}","templated":true}]}}