{"id":6564,"date":"2022-10-17T21:00:51","date_gmt":"2022-10-17T19:00:51","guid":{"rendered":"https:\/\/www.predajumenia.sk\/produkt\/ovce\/"},"modified":"2023-03-05T14:37:43","modified_gmt":"2023-03-05T13:37:43","slug":"ovce","status":"publish","type":"product","link":"https:\/\/www.predajumenia.sk\/en\/product\/ovce\/","title":{"rendered":"Martin Benka &#8211; Ovce"},"content":{"rendered":"","protected":false},"excerpt":{"rendered":"<p>Autor: Martin Benka<br \/>\nTechnika: Olej, kart\u00f3n<br \/>\nRozmer v cm: 17 x 17<br \/>\nSignovan\u00e9: \u00c1no, so znaleck\u00fdm posudkom<\/p>","protected":false},"featured_media":6563,"template":"","meta":{"om_disable_all_campaigns":false,"_monsterinsights_skip_tracking":false,"_monsterinsights_sitenote_active":false,"_monsterinsights_sitenote_note":"","_monsterinsights_sitenote_category":0},"product_cat":[274],"product_tag":[284],"class_list":["post-6564","product","type-product","status-publish","has-post-thumbnail","hentry","product_cat-obrazy","product_tag-benka"],"aioseo_notices":[],"_links":{"self":[{"href":"https:\/\/www.predajumenia.sk\/en\/wp-json\/wp\/v2\/product\/6564","targetHints":{"allow":["GET"]}}],"collection":[{"href":"https:\/\/www.predajumenia.sk\/en\/wp-json\/wp\/v2\/product"}],"about":[{"href":"https:\/\/www.predajumenia.sk\/en\/wp-json\/wp\/v2\/types\/product"}],"version-history":[{"count":0,"href":"https:\/\/www.predajumenia.sk\/en\/wp-json\/wp\/v2\/product\/6564\/revisions"}],"wp:featuredmedia":[{"embeddable":true,"href":"https:\/\/www.predajumenia.sk\/en\/wp-json\/wp\/v2\/media\/6563"}],"wp:attachment":[{"href":"https:\/\/www.predajumenia.sk\/en\/wp-json\/wp\/v2\/media?parent=6564"}],"wp:term":[{"taxonomy":"product_cat","embeddable":true,"href":"https:\/\/www.predajumenia.sk\/en\/wp-json\/wp\/v2\/product_cat?post=6564"},{"taxonomy":"product_tag","embeddable":true,"href":"https:\/\/www.predajumenia.sk\/en\/wp-json\/wp\/v2\/product_tag?post=6564"}],"curies":[{"name":"wp","href":"https:\/\/api.w.org\/{rel}","templated":true}]}}