{"id":6580,"date":"2022-10-17T21:30:42","date_gmt":"2022-10-17T19:30:42","guid":{"rendered":"https:\/\/www.predajumenia.sk\/produkt\/les\/"},"modified":"2023-03-05T14:31:49","modified_gmt":"2023-03-05T13:31:49","slug":"les","status":"publish","type":"product","link":"https:\/\/www.predajumenia.sk\/en\/product\/les\/","title":{"rendered":"\u013dudov\u00edt Csord\u00e1k &#8211; Les"},"content":{"rendered":"","protected":false},"excerpt":{"rendered":"<p>Autor: \u013dudov\u00edt Csord\u00e1k<br \/>\nTechnika: Olej na pl\u00e1tne<br \/>\nRozmer v cm: 92 x 100<br \/>\nSignovan\u00e9: \u00c1no, so znaleck\u00fdm posudkom<\/p>","protected":false},"featured_media":6579,"template":"","meta":{"om_disable_all_campaigns":false,"_monsterinsights_skip_tracking":false,"_monsterinsights_sitenote_active":false,"_monsterinsights_sitenote_note":"","_monsterinsights_sitenote_category":0},"product_cat":[274],"product_tag":[296],"class_list":["post-6580","product","type-product","status-publish","has-post-thumbnail","hentry","product_cat-obrazy","product_tag-csordak"],"aioseo_notices":[],"_links":{"self":[{"href":"https:\/\/www.predajumenia.sk\/en\/wp-json\/wp\/v2\/product\/6580","targetHints":{"allow":["GET"]}}],"collection":[{"href":"https:\/\/www.predajumenia.sk\/en\/wp-json\/wp\/v2\/product"}],"about":[{"href":"https:\/\/www.predajumenia.sk\/en\/wp-json\/wp\/v2\/types\/product"}],"version-history":[{"count":0,"href":"https:\/\/www.predajumenia.sk\/en\/wp-json\/wp\/v2\/product\/6580\/revisions"}],"wp:featuredmedia":[{"embeddable":true,"href":"https:\/\/www.predajumenia.sk\/en\/wp-json\/wp\/v2\/media\/6579"}],"wp:attachment":[{"href":"https:\/\/www.predajumenia.sk\/en\/wp-json\/wp\/v2\/media?parent=6580"}],"wp:term":[{"taxonomy":"product_cat","embeddable":true,"href":"https:\/\/www.predajumenia.sk\/en\/wp-json\/wp\/v2\/product_cat?post=6580"},{"taxonomy":"product_tag","embeddable":true,"href":"https:\/\/www.predajumenia.sk\/en\/wp-json\/wp\/v2\/product_tag?post=6580"}],"curies":[{"name":"wp","href":"https:\/\/api.w.org\/{rel}","templated":true}]}}