{"id":6584,"date":"2022-10-17T21:36:30","date_gmt":"2022-10-17T19:36:30","guid":{"rendered":"https:\/\/www.predajumenia.sk\/produkt\/ovce-1980\/"},"modified":"2023-03-05T14:30:14","modified_gmt":"2023-03-05T13:30:14","slug":"ovce-1980","status":"publish","type":"product","link":"https:\/\/www.predajumenia.sk\/en\/product\/ovce-1980\/","title":{"rendered":"Rudolf Krivo\u0161 &#8211; Ovce (1980)"},"content":{"rendered":"","protected":false},"excerpt":{"rendered":"<p>Autor: Rudolf Krivo\u0161<br \/>\nTechnika: Kombinovan\u00e1 technika olej, sololit<br \/>\nRozmer v cm: 27 x 40<br \/>\nSignovan\u00e9: \u00c1no, so znaleck\u00fdm posudkom<\/p>","protected":false},"featured_media":6583,"template":"","meta":{"om_disable_all_campaigns":false,"_monsterinsights_skip_tracking":false,"_monsterinsights_sitenote_active":false,"_monsterinsights_sitenote_note":"","_monsterinsights_sitenote_category":0},"product_cat":[274],"product_tag":[294],"class_list":["post-6584","product","type-product","status-publish","has-post-thumbnail","hentry","product_cat-obrazy","product_tag-krivos"],"aioseo_notices":[],"_links":{"self":[{"href":"https:\/\/www.predajumenia.sk\/en\/wp-json\/wp\/v2\/product\/6584","targetHints":{"allow":["GET"]}}],"collection":[{"href":"https:\/\/www.predajumenia.sk\/en\/wp-json\/wp\/v2\/product"}],"about":[{"href":"https:\/\/www.predajumenia.sk\/en\/wp-json\/wp\/v2\/types\/product"}],"version-history":[{"count":0,"href":"https:\/\/www.predajumenia.sk\/en\/wp-json\/wp\/v2\/product\/6584\/revisions"}],"wp:featuredmedia":[{"embeddable":true,"href":"https:\/\/www.predajumenia.sk\/en\/wp-json\/wp\/v2\/media\/6583"}],"wp:attachment":[{"href":"https:\/\/www.predajumenia.sk\/en\/wp-json\/wp\/v2\/media?parent=6584"}],"wp:term":[{"taxonomy":"product_cat","embeddable":true,"href":"https:\/\/www.predajumenia.sk\/en\/wp-json\/wp\/v2\/product_cat?post=6584"},{"taxonomy":"product_tag","embeddable":true,"href":"https:\/\/www.predajumenia.sk\/en\/wp-json\/wp\/v2\/product_tag?post=6584"}],"curies":[{"name":"wp","href":"https:\/\/api.w.org\/{rel}","templated":true}]}}