{"id":6775,"date":"2023-01-29T14:16:28","date_gmt":"2023-01-29T13:16:28","guid":{"rendered":"https:\/\/www.predajumenia.sk\/?post_type=product&#038;p=6775"},"modified":"2023-03-05T14:24:50","modified_gmt":"2023-03-05T13:24:50","slug":"vladimir-kompanek-fasiangy-fasiangovy-motiv","status":"publish","type":"product","link":"https:\/\/www.predajumenia.sk\/en\/product\/vladimir-kompanek-fasiangy-fasiangovy-motiv\/","title":{"rendered":"Vladim\u00edr Komp\u00e1nek &#8211; Fa\u0161iangy (fa\u0161iangov\u00fd mot\u00edv)"},"content":{"rendered":"","protected":false},"excerpt":{"rendered":"<p>Autor: Vladim\u00edr Komp\u00e1nek<\/p>\n<p>Technika: Drevo, kolorovan\u00e9<\/p>\n<p>Signovan\u00e1: Zna\u010den\u00e9 dole monogramom. Znaleck\u00fd posudok<\/p>","protected":false},"featured_media":6403,"template":"","meta":{"om_disable_all_campaigns":false,"_monsterinsights_skip_tracking":false,"_monsterinsights_sitenote_active":false,"_monsterinsights_sitenote_note":"","_monsterinsights_sitenote_category":0},"product_cat":[275],"product_tag":[285],"class_list":["post-6775","product","type-product","status-publish","has-post-thumbnail","hentry","product_cat-sochy_plastiky","product_tag-kompanek"],"aioseo_notices":[],"_links":{"self":[{"href":"https:\/\/www.predajumenia.sk\/en\/wp-json\/wp\/v2\/product\/6775","targetHints":{"allow":["GET"]}}],"collection":[{"href":"https:\/\/www.predajumenia.sk\/en\/wp-json\/wp\/v2\/product"}],"about":[{"href":"https:\/\/www.predajumenia.sk\/en\/wp-json\/wp\/v2\/types\/product"}],"version-history":[{"count":0,"href":"https:\/\/www.predajumenia.sk\/en\/wp-json\/wp\/v2\/product\/6775\/revisions"}],"wp:featuredmedia":[{"embeddable":true,"href":"https:\/\/www.predajumenia.sk\/en\/wp-json\/wp\/v2\/media\/6403"}],"wp:attachment":[{"href":"https:\/\/www.predajumenia.sk\/en\/wp-json\/wp\/v2\/media?parent=6775"}],"wp:term":[{"taxonomy":"product_cat","embeddable":true,"href":"https:\/\/www.predajumenia.sk\/en\/wp-json\/wp\/v2\/product_cat?post=6775"},{"taxonomy":"product_tag","embeddable":true,"href":"https:\/\/www.predajumenia.sk\/en\/wp-json\/wp\/v2\/product_tag?post=6775"}],"curies":[{"name":"wp","href":"https:\/\/api.w.org\/{rel}","templated":true}]}}