{"id":6798,"date":"2023-01-29T14:16:30","date_gmt":"2023-01-29T13:16:30","guid":{"rendered":"https:\/\/www.predajumenia.sk\/?post_type=product&#038;p=6798"},"modified":"2023-03-05T14:54:36","modified_gmt":"2023-03-05T13:54:36","slug":"frantisek-reichental-tanecnice-s-tamburinou","status":"publish","type":"product","link":"https:\/\/www.predajumenia.sk\/en\/product\/frantisek-reichental-tanecnice-s-tamburinou\/","title":{"rendered":"Franti\u0161ek Reichent\u00e1l &#8211; Tane\u010dnice s tambur\u00ednou"},"content":{"rendered":"","protected":false},"excerpt":{"rendered":"<p>Autor: Franti\u0161ek Reichent\u00e1l<\/p>\n<p>Technika: Olej na pl\u00e1tne<\/p>\n<p>Rozmer v cm: 52,5 x 60<\/p>\n<p>Signovan\u00e9: \u00c1no, so znaleck\u00fdm posudkom<\/p>","protected":false},"featured_media":6561,"template":"","meta":{"om_disable_all_campaigns":false,"_monsterinsights_skip_tracking":false,"_monsterinsights_sitenote_active":false,"_monsterinsights_sitenote_note":"","_monsterinsights_sitenote_category":0},"product_cat":[274],"product_tag":[303],"class_list":["post-6798","product","type-product","status-publish","has-post-thumbnail","hentry","product_cat-obrazy","product_tag-reichental"],"aioseo_notices":[],"_links":{"self":[{"href":"https:\/\/www.predajumenia.sk\/en\/wp-json\/wp\/v2\/product\/6798","targetHints":{"allow":["GET"]}}],"collection":[{"href":"https:\/\/www.predajumenia.sk\/en\/wp-json\/wp\/v2\/product"}],"about":[{"href":"https:\/\/www.predajumenia.sk\/en\/wp-json\/wp\/v2\/types\/product"}],"version-history":[{"count":0,"href":"https:\/\/www.predajumenia.sk\/en\/wp-json\/wp\/v2\/product\/6798\/revisions"}],"wp:featuredmedia":[{"embeddable":true,"href":"https:\/\/www.predajumenia.sk\/en\/wp-json\/wp\/v2\/media\/6561"}],"wp:attachment":[{"href":"https:\/\/www.predajumenia.sk\/en\/wp-json\/wp\/v2\/media?parent=6798"}],"wp:term":[{"taxonomy":"product_cat","embeddable":true,"href":"https:\/\/www.predajumenia.sk\/en\/wp-json\/wp\/v2\/product_cat?post=6798"},{"taxonomy":"product_tag","embeddable":true,"href":"https:\/\/www.predajumenia.sk\/en\/wp-json\/wp\/v2\/product_tag?post=6798"}],"curies":[{"name":"wp","href":"https:\/\/api.w.org\/{rel}","templated":true}]}}