{"id":6806,"date":"2023-01-29T14:16:34","date_gmt":"2023-01-29T13:16:34","guid":{"rendered":"https:\/\/www.predajumenia.sk\/?post_type=product&#038;p=6806"},"modified":"2023-03-05T14:22:44","modified_gmt":"2023-03-05T13:22:44","slug":"ernest-zmetak-bratislava","status":"publish","type":"product","link":"https:\/\/www.predajumenia.sk\/en\/product\/ernest-zmetak-bratislava\/","title":{"rendered":"Ernest Zmet\u00e1k &#8211; Bratislava"},"content":{"rendered":"","protected":false},"excerpt":{"rendered":"<p>Autor: Ernest Zmet\u00e1k<\/p>\n<p>Technika: Olej na kart\u00f3ne<\/p>\n<p>Rozmer v cm: 30 x 60<\/p>\n<p>Signovan\u00e9: \u00c1no, so znaleck\u00fdm posudkom<\/p>","protected":false},"featured_media":6577,"template":"","meta":{"om_disable_all_campaigns":false,"_monsterinsights_skip_tracking":false,"_monsterinsights_sitenote_active":false,"_monsterinsights_sitenote_note":"","_monsterinsights_sitenote_category":0},"product_cat":[274],"product_tag":[297],"class_list":["post-6806","product","type-product","status-publish","has-post-thumbnail","hentry","product_cat-obrazy","product_tag-zmetak"],"aioseo_notices":[],"_links":{"self":[{"href":"https:\/\/www.predajumenia.sk\/en\/wp-json\/wp\/v2\/product\/6806","targetHints":{"allow":["GET"]}}],"collection":[{"href":"https:\/\/www.predajumenia.sk\/en\/wp-json\/wp\/v2\/product"}],"about":[{"href":"https:\/\/www.predajumenia.sk\/en\/wp-json\/wp\/v2\/types\/product"}],"version-history":[{"count":0,"href":"https:\/\/www.predajumenia.sk\/en\/wp-json\/wp\/v2\/product\/6806\/revisions"}],"wp:featuredmedia":[{"embeddable":true,"href":"https:\/\/www.predajumenia.sk\/en\/wp-json\/wp\/v2\/media\/6577"}],"wp:attachment":[{"href":"https:\/\/www.predajumenia.sk\/en\/wp-json\/wp\/v2\/media?parent=6806"}],"wp:term":[{"taxonomy":"product_cat","embeddable":true,"href":"https:\/\/www.predajumenia.sk\/en\/wp-json\/wp\/v2\/product_cat?post=6806"},{"taxonomy":"product_tag","embeddable":true,"href":"https:\/\/www.predajumenia.sk\/en\/wp-json\/wp\/v2\/product_tag?post=6806"}],"curies":[{"name":"wp","href":"https:\/\/api.w.org\/{rel}","templated":true}]}}