{"id":6820,"date":"2023-01-29T14:16:36","date_gmt":"2023-01-29T13:16:36","guid":{"rendered":"https:\/\/www.predajumenia.sk\/?post_type=product&#038;p=6820"},"modified":"2023-03-05T14:48:05","modified_gmt":"2023-03-05T13:48:05","slug":"vincent-hloznik","status":"publish","type":"product","link":"https:\/\/www.predajumenia.sk\/en\/product\/vincent-hloznik\/","title":{"rendered":"Vincent Hlo\u017en\u00edk"},"content":{"rendered":"","protected":false},"excerpt":{"rendered":"<p>Autor: Vincent Hlo\u017en\u00edk<\/p>\n<p>Technika: Olej na pl\u00e1tne<\/p>\n<p>Signovan\u00e9: \u00c1no<\/p>\n<p>Znaleck\u00fd posudok: \u00c1no<\/p>","protected":false},"featured_media":6847,"template":"","meta":{"om_disable_all_campaigns":false,"_monsterinsights_skip_tracking":false,"_monsterinsights_sitenote_active":false,"_monsterinsights_sitenote_note":"","_monsterinsights_sitenote_category":0},"product_cat":[274],"product_tag":[319],"class_list":["post-6820","product","type-product","status-publish","has-post-thumbnail","hentry","product_cat-obrazy","product_tag-vincent-hloznik"],"aioseo_notices":[],"_links":{"self":[{"href":"https:\/\/www.predajumenia.sk\/en\/wp-json\/wp\/v2\/product\/6820","targetHints":{"allow":["GET"]}}],"collection":[{"href":"https:\/\/www.predajumenia.sk\/en\/wp-json\/wp\/v2\/product"}],"about":[{"href":"https:\/\/www.predajumenia.sk\/en\/wp-json\/wp\/v2\/types\/product"}],"version-history":[{"count":0,"href":"https:\/\/www.predajumenia.sk\/en\/wp-json\/wp\/v2\/product\/6820\/revisions"}],"wp:featuredmedia":[{"embeddable":true,"href":"https:\/\/www.predajumenia.sk\/en\/wp-json\/wp\/v2\/media\/6847"}],"wp:attachment":[{"href":"https:\/\/www.predajumenia.sk\/en\/wp-json\/wp\/v2\/media?parent=6820"}],"wp:term":[{"taxonomy":"product_cat","embeddable":true,"href":"https:\/\/www.predajumenia.sk\/en\/wp-json\/wp\/v2\/product_cat?post=6820"},{"taxonomy":"product_tag","embeddable":true,"href":"https:\/\/www.predajumenia.sk\/en\/wp-json\/wp\/v2\/product_tag?post=6820"}],"curies":[{"name":"wp","href":"https:\/\/api.w.org\/{rel}","templated":true}]}}