{"id":6821,"date":"2023-01-29T14:16:36","date_gmt":"2023-01-29T13:16:36","guid":{"rendered":"https:\/\/www.predajumenia.sk\/?post_type=product&#038;p=6821"},"modified":"2023-03-05T14:22:43","modified_gmt":"2023-03-05T13:22:43","slug":"jozef-jackanic-stara-visna","status":"publish","type":"product","link":"https:\/\/www.predajumenia.sk\/en\/product\/jozef-jackanic-stara-visna\/","title":{"rendered":"Jozef Jackani\u010d &#8211; Star\u00e1 vi\u0161\u0148a"},"content":{"rendered":"","protected":false},"excerpt":{"rendered":"<p>Autor: Jozef Jackani\u010d<\/p>\n<p>Technika: Olej na pl\u00e1tne (1996)<\/p>\n<p>Signovan\u00e9: \u00c1no<\/p>","protected":false},"featured_media":6846,"template":"","meta":{"om_disable_all_campaigns":false,"_monsterinsights_skip_tracking":false,"_monsterinsights_sitenote_active":false,"_monsterinsights_sitenote_note":"","_monsterinsights_sitenote_category":0},"product_cat":[274],"product_tag":[320],"class_list":["post-6821","product","type-product","status-publish","has-post-thumbnail","hentry","product_cat-obrazy","product_tag-jozef-jackanic"],"aioseo_notices":[],"_links":{"self":[{"href":"https:\/\/www.predajumenia.sk\/en\/wp-json\/wp\/v2\/product\/6821","targetHints":{"allow":["GET"]}}],"collection":[{"href":"https:\/\/www.predajumenia.sk\/en\/wp-json\/wp\/v2\/product"}],"about":[{"href":"https:\/\/www.predajumenia.sk\/en\/wp-json\/wp\/v2\/types\/product"}],"version-history":[{"count":0,"href":"https:\/\/www.predajumenia.sk\/en\/wp-json\/wp\/v2\/product\/6821\/revisions"}],"wp:featuredmedia":[{"embeddable":true,"href":"https:\/\/www.predajumenia.sk\/en\/wp-json\/wp\/v2\/media\/6846"}],"wp:attachment":[{"href":"https:\/\/www.predajumenia.sk\/en\/wp-json\/wp\/v2\/media?parent=6821"}],"wp:term":[{"taxonomy":"product_cat","embeddable":true,"href":"https:\/\/www.predajumenia.sk\/en\/wp-json\/wp\/v2\/product_cat?post=6821"},{"taxonomy":"product_tag","embeddable":true,"href":"https:\/\/www.predajumenia.sk\/en\/wp-json\/wp\/v2\/product_tag?post=6821"}],"curies":[{"name":"wp","href":"https:\/\/api.w.org\/{rel}","templated":true}]}}