{"id":6827,"date":"2023-01-29T14:16:36","date_gmt":"2023-01-29T13:16:36","guid":{"rendered":"https:\/\/www.predajumenia.sk\/?post_type=product&#038;p=6827"},"modified":"2023-03-05T14:22:44","modified_gmt":"2023-03-05T13:22:44","slug":"milan-pasteka-modry-akt","status":"publish","type":"product","link":"https:\/\/www.predajumenia.sk\/en\/product\/milan-pasteka-modry-akt\/","title":{"rendered":"Milan Pa\u0161t\u00e9ka \u2013 Modr\u00fd akt"},"content":{"rendered":"","protected":false},"excerpt":{"rendered":"<p>Autor: Milan Pa\u0161t\u00e9ka<\/p>\n<p>Technika: Olej na pl\u00e1tne<\/p>\n<p>Signovan\u00e9: \u00c1no<\/p>\n<p>Znalecky posudok: \u00c1no<\/p>","protected":false},"featured_media":6840,"template":"","meta":{"om_disable_all_campaigns":false,"_monsterinsights_skip_tracking":false,"_monsterinsights_sitenote_active":false,"_monsterinsights_sitenote_note":"","_monsterinsights_sitenote_category":0},"product_cat":[274],"product_tag":[306],"class_list":["post-6827","product","type-product","status-publish","has-post-thumbnail","hentry","product_cat-obrazy","product_tag-pasteka"],"aioseo_notices":[],"_links":{"self":[{"href":"https:\/\/www.predajumenia.sk\/en\/wp-json\/wp\/v2\/product\/6827","targetHints":{"allow":["GET"]}}],"collection":[{"href":"https:\/\/www.predajumenia.sk\/en\/wp-json\/wp\/v2\/product"}],"about":[{"href":"https:\/\/www.predajumenia.sk\/en\/wp-json\/wp\/v2\/types\/product"}],"version-history":[{"count":0,"href":"https:\/\/www.predajumenia.sk\/en\/wp-json\/wp\/v2\/product\/6827\/revisions"}],"wp:featuredmedia":[{"embeddable":true,"href":"https:\/\/www.predajumenia.sk\/en\/wp-json\/wp\/v2\/media\/6840"}],"wp:attachment":[{"href":"https:\/\/www.predajumenia.sk\/en\/wp-json\/wp\/v2\/media?parent=6827"}],"wp:term":[{"taxonomy":"product_cat","embeddable":true,"href":"https:\/\/www.predajumenia.sk\/en\/wp-json\/wp\/v2\/product_cat?post=6827"},{"taxonomy":"product_tag","embeddable":true,"href":"https:\/\/www.predajumenia.sk\/en\/wp-json\/wp\/v2\/product_tag?post=6827"}],"curies":[{"name":"wp","href":"https:\/\/api.w.org\/{rel}","templated":true}]}}