{"id":6829,"date":"2023-01-29T14:16:40","date_gmt":"2023-01-29T13:16:40","guid":{"rendered":"https:\/\/www.predajumenia.sk\/?post_type=product&#038;p=6829"},"modified":"2023-02-28T23:01:56","modified_gmt":"2023-02-28T22:01:56","slug":"rudolf-krivos-2","status":"publish","type":"product","link":"https:\/\/www.predajumenia.sk\/en\/product\/rudolf-krivos-2\/","title":{"rendered":"Rudolf Krivo\u0161"},"content":{"rendered":"","protected":false},"excerpt":{"rendered":"<p>Autor: Rudolf Krivo\u0161<\/p>\n<p>Technika: Kombinovan\u00e1 technika na papieri<\/p>\n<p>Signovan\u00e9: \u00c1no, v\u013eavo dole<\/p>\n<p>Znalecky posudok: \u00c1no<\/p>","protected":false},"featured_media":6838,"template":"","meta":{"om_disable_all_campaigns":false,"_monsterinsights_skip_tracking":false,"_monsterinsights_sitenote_active":false,"_monsterinsights_sitenote_note":"","_monsterinsights_sitenote_category":0},"product_cat":[274],"product_tag":[294],"class_list":["post-6829","product","type-product","status-publish","has-post-thumbnail","hentry","product_cat-obrazy","product_tag-krivos"],"aioseo_notices":[],"_links":{"self":[{"href":"https:\/\/www.predajumenia.sk\/en\/wp-json\/wp\/v2\/product\/6829","targetHints":{"allow":["GET"]}}],"collection":[{"href":"https:\/\/www.predajumenia.sk\/en\/wp-json\/wp\/v2\/product"}],"about":[{"href":"https:\/\/www.predajumenia.sk\/en\/wp-json\/wp\/v2\/types\/product"}],"version-history":[{"count":0,"href":"https:\/\/www.predajumenia.sk\/en\/wp-json\/wp\/v2\/product\/6829\/revisions"}],"wp:featuredmedia":[{"embeddable":true,"href":"https:\/\/www.predajumenia.sk\/en\/wp-json\/wp\/v2\/media\/6838"}],"wp:attachment":[{"href":"https:\/\/www.predajumenia.sk\/en\/wp-json\/wp\/v2\/media?parent=6829"}],"wp:term":[{"taxonomy":"product_cat","embeddable":true,"href":"https:\/\/www.predajumenia.sk\/en\/wp-json\/wp\/v2\/product_cat?post=6829"},{"taxonomy":"product_tag","embeddable":true,"href":"https:\/\/www.predajumenia.sk\/en\/wp-json\/wp\/v2\/product_tag?post=6829"}],"curies":[{"name":"wp","href":"https:\/\/api.w.org\/{rel}","templated":true}]}}