{"id":6831,"date":"2023-01-29T14:16:40","date_gmt":"2023-01-29T13:16:40","guid":{"rendered":"https:\/\/www.predajumenia.sk\/?post_type=product&#038;p=6831"},"modified":"2024-01-06T22:38:23","modified_gmt":"2024-01-06T21:38:23","slug":"andrej-barcik-2","status":"publish","type":"product","link":"https:\/\/www.predajumenia.sk\/en\/product\/andrej-barcik-2\/","title":{"rendered":"Andrej Bar\u010d\u00edk"},"content":{"rendered":"","protected":false},"excerpt":{"rendered":"<p>Autor: Andrej Bar\u010d\u00edk<\/p>\n<p>Technika: Kombinovan\u00e1 technika na kart\u00f3ne<\/p>\n<p>Signovan\u00e9: \u00c1no<\/p>\n<p>Znalecky posudok: \u00c1no<\/p>","protected":false},"featured_media":6836,"template":"","meta":{"om_disable_all_campaigns":false,"_monsterinsights_skip_tracking":false,"_monsterinsights_sitenote_active":false,"_monsterinsights_sitenote_note":"","_monsterinsights_sitenote_category":0},"product_cat":[274],"product_tag":[305],"class_list":["post-6831","product","type-product","status-publish","has-post-thumbnail","hentry","product_cat-obrazy","product_tag-barcik"],"aioseo_notices":[],"_links":{"self":[{"href":"https:\/\/www.predajumenia.sk\/en\/wp-json\/wp\/v2\/product\/6831","targetHints":{"allow":["GET"]}}],"collection":[{"href":"https:\/\/www.predajumenia.sk\/en\/wp-json\/wp\/v2\/product"}],"about":[{"href":"https:\/\/www.predajumenia.sk\/en\/wp-json\/wp\/v2\/types\/product"}],"version-history":[{"count":0,"href":"https:\/\/www.predajumenia.sk\/en\/wp-json\/wp\/v2\/product\/6831\/revisions"}],"wp:featuredmedia":[{"embeddable":true,"href":"https:\/\/www.predajumenia.sk\/en\/wp-json\/wp\/v2\/media\/6836"}],"wp:attachment":[{"href":"https:\/\/www.predajumenia.sk\/en\/wp-json\/wp\/v2\/media?parent=6831"}],"wp:term":[{"taxonomy":"product_cat","embeddable":true,"href":"https:\/\/www.predajumenia.sk\/en\/wp-json\/wp\/v2\/product_cat?post=6831"},{"taxonomy":"product_tag","embeddable":true,"href":"https:\/\/www.predajumenia.sk\/en\/wp-json\/wp\/v2\/product_tag?post=6831"}],"curies":[{"name":"wp","href":"https:\/\/api.w.org\/{rel}","templated":true}]}}