{"id":6859,"date":"2023-02-28T21:38:40","date_gmt":"2023-02-28T20:38:40","guid":{"rendered":"https:\/\/www.predajumenia.sk\/?post_type=product&#038;p=6859"},"modified":"2023-02-28T21:48:45","modified_gmt":"2023-02-28T20:48:45","slug":"marian-komacek-torzo-2","status":"publish","type":"product","link":"https:\/\/www.predajumenia.sk\/en\/product\/marian-komacek-torzo-2\/","title":{"rendered":"Mari\u00e1n Kom\u00e1\u010dek &#8211; Torzo"},"content":{"rendered":"","protected":false},"excerpt":{"rendered":"<p>Autor: Mari\u00e1n Kom\u00e1\u010dek<\/p>\n<p>Technika: Akryl na papieri<\/p>\n<p>Rozmer: 45cm x 65cm<\/p>\n<p>Signovan\u00e9: \u00c1no, vpravo dole<\/p>","protected":false},"featured_media":6399,"template":"","meta":{"om_disable_all_campaigns":false,"_monsterinsights_skip_tracking":false,"_monsterinsights_sitenote_active":false,"_monsterinsights_sitenote_note":"","_monsterinsights_sitenote_category":0},"product_cat":[274],"product_tag":[287],"class_list":["post-6859","product","type-product","status-publish","has-post-thumbnail","hentry","product_cat-obrazy","product_tag-komacek"],"aioseo_notices":[],"_links":{"self":[{"href":"https:\/\/www.predajumenia.sk\/en\/wp-json\/wp\/v2\/product\/6859","targetHints":{"allow":["GET"]}}],"collection":[{"href":"https:\/\/www.predajumenia.sk\/en\/wp-json\/wp\/v2\/product"}],"about":[{"href":"https:\/\/www.predajumenia.sk\/en\/wp-json\/wp\/v2\/types\/product"}],"version-history":[{"count":0,"href":"https:\/\/www.predajumenia.sk\/en\/wp-json\/wp\/v2\/product\/6859\/revisions"}],"wp:featuredmedia":[{"embeddable":true,"href":"https:\/\/www.predajumenia.sk\/en\/wp-json\/wp\/v2\/media\/6399"}],"wp:attachment":[{"href":"https:\/\/www.predajumenia.sk\/en\/wp-json\/wp\/v2\/media?parent=6859"}],"wp:term":[{"taxonomy":"product_cat","embeddable":true,"href":"https:\/\/www.predajumenia.sk\/en\/wp-json\/wp\/v2\/product_cat?post=6859"},{"taxonomy":"product_tag","embeddable":true,"href":"https:\/\/www.predajumenia.sk\/en\/wp-json\/wp\/v2\/product_tag?post=6859"}],"curies":[{"name":"wp","href":"https:\/\/api.w.org\/{rel}","templated":true}]}}